{"id":15179,"date":"2024-03-13T12:02:14","date_gmt":"2024-03-13T11:02:14","guid":{"rendered":"https:\/\/www.arminius.de\/demande-de-brosses-rotatives-plates\/"},"modified":"2024-06-24T10:31:14","modified_gmt":"2024-06-24T08:31:14","slug":"demande-de-produit-brosse-rotative-plate","status":"publish","type":"page","link":"https:\/\/www.arminius.de\/fr\/demande-de-produit-brosse-rotative-plate\/","title":{"rendered":"Demande de brosse rotative plate"},"content":{"rendered":"\t\t<div data-elementor-type=\"wp-page\" data-elementor-id=\"15179\" class=\"elementor elementor-15179 elementor-8724\" data-elementor-post-type=\"page\">\n\t\t\t\t\t\t<section class=\"has_eae_slider elementor-section elementor-top-section elementor-element elementor-element-5a8dcdd elementor-section-full_width elementor-section-height-default elementor-section-height-default\" data-eae-slider=\"56908\" data-id=\"5a8dcdd\" data-element_type=\"section\" data-e-type=\"section\" data-settings=\"{&quot;background_background&quot;:&quot;classic&quot;,&quot;jet_parallax_layout_list&quot;:[{&quot;jet_parallax_layout_image&quot;:{&quot;url&quot;:&quot;&quot;,&quot;id&quot;:&quot;&quot;,&quot;size&quot;:&quot;&quot;},&quot;_id&quot;:&quot;3430055&quot;,&quot;jet_parallax_layout_image_tablet&quot;:{&quot;url&quot;:&quot;&quot;,&quot;id&quot;:&quot;&quot;,&quot;size&quot;:&quot;&quot;},&quot;jet_parallax_layout_image_mobile&quot;:{&quot;url&quot;:&quot;&quot;,&quot;id&quot;:&quot;&quot;,&quot;size&quot;:&quot;&quot;},&quot;jet_parallax_layout_speed&quot;:{&quot;unit&quot;:&quot;%&quot;,&quot;size&quot;:50,&quot;sizes&quot;:[]},&quot;jet_parallax_layout_type&quot;:&quot;scroll&quot;,&quot;jet_parallax_layout_direction&quot;:&quot;1&quot;,&quot;jet_parallax_layout_fx_direction&quot;:null,&quot;jet_parallax_layout_z_index&quot;:&quot;&quot;,&quot;jet_parallax_layout_bg_x&quot;:50,&quot;jet_parallax_layout_bg_x_tablet&quot;:&quot;&quot;,&quot;jet_parallax_layout_bg_x_mobile&quot;:&quot;&quot;,&quot;jet_parallax_layout_bg_y&quot;:50,&quot;jet_parallax_layout_bg_y_tablet&quot;:&quot;&quot;,&quot;jet_parallax_layout_bg_y_mobile&quot;:&quot;&quot;,&quot;jet_parallax_layout_bg_size&quot;:&quot;auto&quot;,&quot;jet_parallax_layout_bg_size_tablet&quot;:&quot;&quot;,&quot;jet_parallax_layout_bg_size_mobile&quot;:&quot;&quot;,&quot;jet_parallax_layout_animation_prop&quot;:&quot;transform&quot;,&quot;jet_parallax_layout_on&quot;:[&quot;desktop&quot;,&quot;tablet&quot;]}]}\">\n\t\t\t\t\t\t<div class=\"elementor-container elementor-column-gap-default\">\n\t\t\t\t\t<div class=\"has_eae_slider elementor-column elementor-col-50 elementor-top-column elementor-element elementor-element-16f0d30\" data-eae-slider=\"43453\" data-id=\"16f0d30\" data-element_type=\"column\" data-e-type=\"column\" data-settings=\"{&quot;background_background&quot;:&quot;classic&quot;}\">\n\t\t\t<div class=\"elementor-widget-wrap elementor-element-populated\">\n\t\t\t\t\t\t<div class=\"elementor-element elementor-element-f1092f7 elementor-widget elementor-widget-heading\" data-id=\"f1092f7\" data-element_type=\"widget\" data-e-type=\"widget\" data-widget_type=\"heading.default\">\n\t\t\t\t<div class=\"elementor-widget-container\">\n\t\t\t\t\t<h1 class=\"elementor-heading-title elementor-size-default\">Demande de produit<\/h1>\t\t\t\t<\/div>\n\t\t\t\t<\/div>\n\t\t\t\t<div class=\"elementor-element elementor-element-df520c7 elementor-align-left elementor-widget elementor-widget-breadcrumbs\" data-id=\"df520c7\" data-element_type=\"widget\" data-e-type=\"widget\" data-widget_type=\"breadcrumbs.default\">\n\t\t\t\t<div class=\"elementor-widget-container\">\n\t\t\t\t\t<p id=\"breadcrumbs\"><span><span><a href=\"https:\/\/www.arminius.de\/fr\/\">Accueil<\/a><\/span><\/span><\/p>\t\t\t\t<\/div>\n\t\t\t\t<\/div>\n\t\t\t\t\t<\/div>\n\t\t<\/div>\n\t\t\t\t<div class=\"has_eae_slider elementor-column elementor-col-50 elementor-top-column elementor-element elementor-element-f7d1e5b elementor-hidden-phone\" data-eae-slider=\"53330\" data-id=\"f7d1e5b\" data-element_type=\"column\" data-e-type=\"column\">\n\t\t\t<div class=\"elementor-widget-wrap\">\n\t\t\t\t\t\t\t<\/div>\n\t\t<\/div>\n\t\t\t\t\t<\/div>\n\t\t<\/section>\n\t\t\t\t<section class=\"has_eae_slider elementor-section elementor-top-section elementor-element elementor-element-d355979 elementor-section-full_width elementor-section-height-default elementor-section-height-default\" data-eae-slider=\"24911\" data-id=\"d355979\" data-element_type=\"section\" data-e-type=\"section\" data-settings=\"{&quot;jet_parallax_layout_list&quot;:[{&quot;jet_parallax_layout_image&quot;:{&quot;url&quot;:&quot;&quot;,&quot;id&quot;:&quot;&quot;,&quot;size&quot;:&quot;&quot;},&quot;_id&quot;:&quot;20fa800&quot;,&quot;jet_parallax_layout_image_tablet&quot;:{&quot;url&quot;:&quot;&quot;,&quot;id&quot;:&quot;&quot;,&quot;size&quot;:&quot;&quot;},&quot;jet_parallax_layout_image_mobile&quot;:{&quot;url&quot;:&quot;&quot;,&quot;id&quot;:&quot;&quot;,&quot;size&quot;:&quot;&quot;},&quot;jet_parallax_layout_speed&quot;:{&quot;unit&quot;:&quot;%&quot;,&quot;size&quot;:50,&quot;sizes&quot;:[]},&quot;jet_parallax_layout_type&quot;:&quot;scroll&quot;,&quot;jet_parallax_layout_direction&quot;:&quot;1&quot;,&quot;jet_parallax_layout_fx_direction&quot;:null,&quot;jet_parallax_layout_z_index&quot;:&quot;&quot;,&quot;jet_parallax_layout_bg_x&quot;:50,&quot;jet_parallax_layout_bg_x_tablet&quot;:&quot;&quot;,&quot;jet_parallax_layout_bg_x_mobile&quot;:&quot;&quot;,&quot;jet_parallax_layout_bg_y&quot;:50,&quot;jet_parallax_layout_bg_y_tablet&quot;:&quot;&quot;,&quot;jet_parallax_layout_bg_y_mobile&quot;:&quot;&quot;,&quot;jet_parallax_layout_bg_size&quot;:&quot;auto&quot;,&quot;jet_parallax_layout_bg_size_tablet&quot;:&quot;&quot;,&quot;jet_parallax_layout_bg_size_mobile&quot;:&quot;&quot;,&quot;jet_parallax_layout_animation_prop&quot;:&quot;transform&quot;,&quot;jet_parallax_layout_on&quot;:[&quot;desktop&quot;,&quot;tablet&quot;]}]}\">\n\t\t\t\t\t\t<div class=\"elementor-container elementor-column-gap-default\">\n\t\t\t\t\t<div class=\"has_eae_slider elementor-column elementor-col-100 elementor-top-column elementor-element elementor-element-b64c015\" data-eae-slider=\"14803\" data-id=\"b64c015\" data-element_type=\"column\" data-e-type=\"column\">\n\t\t\t<div class=\"elementor-widget-wrap elementor-element-populated\">\n\t\t\t\t\t\t<div class=\"elementor-element elementor-element-6b9a0c1 elementor-widget elementor-widget-jet-engine-booking-form\" data-id=\"6b9a0c1\" data-element_type=\"widget\" data-e-type=\"widget\" data-widget_type=\"jet-engine-booking-form.default\">\n\t\t\t\t<div class=\"elementor-widget-container\">\n\t\t\t\t\t<form  class=\"jet-form layout-column submit-type-ajax\" action=\"\/fr\/wp-json\/wp\/v2\/pages\/15179?jet_engine_action=book&#038;nocache=1775340920\" method=\"POST\" data-form-id=\"8722\"><input class=\"jet-form__field hidden-field\" type=\"hidden\" name=\"_jet_engine_booking_form_id\" value=\"8722\" data-field-name=\"_jet_engine_booking_form_id\"><input class=\"jet-form__field hidden-field\" type=\"hidden\" name=\"_jet_engine_refer\" value=\"https:\/\/www.arminius.de\/fr\/wp-json\/wp\/v2\/pages\/15179\/\" data-field-name=\"_jet_engine_refer\"><div  class=\"jet-form-row jet-form-row--hidden\"><div class=\"jet-form-col jet-form-col-12  field-type-hidden  jet-form-field-container\" data-field=\"post_id\" data-conditional=\"false\"><input class=\"jet-form__field hidden-field\" type=\"hidden\" name=\"post_id\" value=\"15179\" data-field-name=\"post_id\"><\/div><\/div><div  class=\"jet-form-row jet-form-row--first-visible\"><div class=\"jet-form-col jet-form-col-6  field-type-text produkt-oder-identnr jet-form-field-container\" data-field=\"produkt\" data-conditional=\"false\"><div class=\"jet-form__label\">\n\t<span class=\"jet-form__label-text\" >Identnr.:<span class=\"jet-form__required\">*<\/span><\/span>\n\t<\/div><input class=\"jet-form__field text-field \" required=\"required\" name=\"produkt\" id=\"produkt\" type=\"text\" data-field-name=\"produkt\"><\/div><div class=\"jet-form-col jet-form-col-6  field-type-media zeichnungen jet-form-field-container\" data-field=\"Zeichnungen\" data-conditional=\"false\"><div class=\"jet-form__label\">\n\t<span class=\"jet-form__label-text\" >Zeichnungen, etc. (optional; max. 50MB)<\/span>\n\t<\/div><div class=\"jet-engine-file-upload\">\n\t<div class=\"jet-engine-file-upload__content\">\n\t\t<div class=\"jet-engine-file-upload__loader\"><svg xmlns=\"http:\/\/www.w3.org\/2000\/svg\" width=\"38\" height=\"38\" viewBox=\"0 0 38 38\" stroke=\"#fff\"><g fill=\"none\" fill-rule=\"evenodd\"><g transform=\"translate(1 1)\" stroke-width=\"2\"><circle stroke-opacity=\".5\" cx=\"18\" cy=\"18\" r=\"18\"\/><path d=\"M36 18c0-9.94-8.06-18-18-18\" transform=\"rotate(137.826 18 18)\"><animateTransform attributeName=\"transform\" type=\"rotate\" from=\"0 18 18\" to=\"360 18 18\" dur=\"1s\" repeatCount=\"indefinite\"\/><\/path><\/g><\/g><\/svg><\/div>\t\t<div class=\"jet-engine-file-upload__files\"  data-args=\"{&quot;max_files&quot;:&quot;5&quot;,&quot;insert_attachment&quot;:false,&quot;value_format&quot;:&quot;url&quot;}\"><\/div>\n\t<\/div>\n\t<div class=\"jet-engine-file-upload__fields\">\n\t\t<input class=\"jet-form__field jet-engine-file-upload__value\" type=\"hidden\" name=\"Zeichnungen\" data-field-name=\"Zeichnungen\" value=\"\" >\n\t\t<input class=\"jet-form__field file-field jet-engine-file-upload__input\" name=\"Zeichnungen_input\" type=\"file\" data-form_id=\"8722\" data-field=\"Zeichnungen\" id=\"Zeichnungen\" data-max_files=\"5\" multiple=\"1\" data-max_size=\"8388608\">\n\t<\/div>\n\t<div class=\"jet-engine-file-upload__message\"><small>Maximum file size: 8 Mo<\/small><\/div>\n\t<div class=\"jet-engine-file-upload__errors is-hidden\"><\/div>\n<\/div><\/div><\/div><div class=\"jet-form__divider\"><\/div><div  class=\"jet-form-row\"><div class=\"jet-form-col jet-form-col-4  field-type-number  jet-form-field-container\" data-field=\"Durchmesser\" data-conditional=\"false\"><div class=\"jet-form__label\">\n\t<span class=\"jet-form__label-text\" >Durchmesser in mm (optional)<\/span>\n\t<\/div><input type=\"number\" class=\"jet-form__field text-field\" placeholder=\"80 - 300\" value=\"\" min=\"80\" max=\"300\" step=\"1\" name=\"Durchmesser\" data-field-name=\"Durchmesser\" id=\"Durchmesser\"><\/div><div class=\"jet-form-col jet-form-col-4  field-type-number  jet-form-field-container\" data-field=\"Bohrung\" data-conditional=\"false\"><div class=\"jet-form__label\">\n\t<span class=\"jet-form__label-text\" >Bohrung in mm (optional)<\/span>\n\t<\/div><input type=\"number\" class=\"jet-form__field text-field\" placeholder=\"8 - 50\" value=\"\" min=\"8\" max=\"50\" step=\"1\" name=\"Bohrung\" data-field-name=\"Bohrung\" id=\"Bohrung\"><\/div><div class=\"jet-form-col jet-form-col-4  field-type-select  jet-form-field-container\" data-field=\"Aufnahme\" data-conditional=\"false\"><div class=\"jet-form__label\">\n\t<span class=\"jet-form__label-text\" >Aufnahme (optional)<\/span>\n\t<\/div><select  name=\"Aufnahme\" data-field-name=\"Aufnahme\" id=\"Aufnahme\" data-default-val=\"\" class=\"jet-form__field select-field\"><option value=\"\" selected>-<\/option><option value=\"HSK-63F\" >HSK-63F<\/option><option value=\"zylindrischer Schaft\" >zylindrischer Schaft<\/option><\/select><\/div><\/div><div class=\"jet-form__divider\"><\/div><div  class=\"jet-form-row\"><div class=\"jet-form-col jet-form-col-12  field-type-textarea  jet-form-field-container\" data-field=\"Kommentar\" data-conditional=\"false\"><div class=\"jet-form__label\">\n\t<span class=\"jet-form__label-text\" >Kommentar (optional)<\/span>\n\t<\/div><textarea class=\"jet-form__field textarea-field\" placeholder=\"Kommentar (optional)\" name=\"Kommentar\" data-field-name=\"Kommentar\" id=\"Kommentar\"><\/textarea><\/div><\/div><div class=\"jet-form__divider\"><\/div><div  class=\"jet-form-row\"><div class=\"jet-form-col jet-form-col-12  field-type-text  jet-form-field-container\" data-field=\"Name\" data-conditional=\"false\"><div class=\"jet-form__label\">\n\t<span class=\"jet-form__label-text\" >Name<span class=\"jet-form__required\">*<\/span><\/span>\n\t<\/div><input class=\"jet-form__field text-field \" placeholder=\"Name\" value=\"\" required=\"required\" name=\"Name\" id=\"Name\" type=\"text\" data-field-name=\"Name\"><\/div><\/div><div class=\"jet-form__divider\"><\/div><div  class=\"jet-form-row\"><div class=\"jet-form-col jet-form-col-12  field-type-text  jet-form-field-container\" data-field=\"Firma\" data-conditional=\"false\"><div class=\"jet-form__label\">\n\t<span class=\"jet-form__label-text\" >Firma<span class=\"jet-form__required\">*<\/span><\/span>\n\t<\/div><input class=\"jet-form__field text-field \" placeholder=\"Firma\" value=\"\" required=\"required\" name=\"Firma\" id=\"Firma\" type=\"text\" data-field-name=\"Firma\"><\/div><\/div><div class=\"jet-form__divider\"><\/div><div  class=\"jet-form-row\"><div class=\"jet-form-col jet-form-col-12  field-type-text  jet-form-field-container\" data-field=\"Land\" data-conditional=\"false\"><div class=\"jet-form__label\">\n\t<span class=\"jet-form__label-text\" >Land<span class=\"jet-form__required\">*<\/span><\/span>\n\t<\/div><input class=\"jet-form__field text-field \" placeholder=\"Land\" value=\"\" required=\"required\" name=\"Land\" id=\"Land\" type=\"text\" data-field-name=\"Land\"><\/div><\/div><div class=\"jet-form__divider\"><\/div><div  class=\"jet-form-row\"><div class=\"jet-form-col jet-form-col-12  field-type-text  jet-form-field-container\" data-field=\"E-Mail Adresse\" data-conditional=\"false\"><div class=\"jet-form__label\">\n\t<span class=\"jet-form__label-text\" >E-Mail Adresse<span class=\"jet-form__required\">*<\/span><\/span>\n\t<\/div><input class=\"jet-form__field text-field \" placeholder=\"E-Mail Adresse\" value=\"\" required=\"required\" name=\"E-Mail Adresse\" id=\"E-Mail Adresse\" type=\"email\" data-field-name=\"E-Mail Adresse\"><\/div><\/div><div class=\"jet-form__divider\"><\/div><div  class=\"jet-form-row\"><div class=\"jet-form-col jet-form-col-12  field-type-text  jet-form-field-container\" data-field=\"Telefon\" data-conditional=\"false\"><div class=\"jet-form__label\">\n\t<span class=\"jet-form__label-text\" >Telefon<span class=\"jet-form__required\">*<\/span><\/span>\n\t<\/div><input class=\"jet-form__field text-field \" placeholder=\"Telefon\" value=\"\" required=\"required\" name=\"Telefon\" id=\"Telefon\" type=\"tel\" data-field-name=\"Telefon\"><\/div><\/div><div class=\"jet-form__divider\"><\/div><div  class=\"jet-form-row\"><div class=\"jet-form-col jet-form-col-12  field-type-checkboxes  jet-form-field-container\" data-field=\"Datenschutz\" data-conditional=\"false\"><div class=\"jet-form__fields-group checkradio-wrap\">\t\t<div class=\"jet-form__field-wrap checkboxes-wrap checkradio-wrap\">\n\t\t\t\t\t\t<label class=\"jet-form__field-label\">\n\t\t\t\t<input\n\t\t\t\t\ttype=\"checkbox\"\n\t\t\t\t\tname=\"Datenschutz\"\n\t\t\t\t\tclass=\"jet-form__field checkboxes-field checkradio-field checkboxes-required\"\n\t\t\t\t\tvalue=\"0\"\n\t\t\t\t\tdata-field-name=\"Datenschutz\"\n\t\t\t\t\t\t\t\t\t\trequired=\"required\"\t\t\t\t\t\t\t\t\t>\n\t\t\t\tIch habe die Datenschutzerkl\u00e4rung zur Kenntnis genommen. Ich stimme zu, dass meine Angaben zur Kontaktaufnahme und f\u00fcr R\u00fcckfragen dauerhaft gespeichert werden.\t\t\t<\/label>\n\t\t<\/div>\n\t\t<\/div><\/div><\/div><div class=\"jet-form__divider\"><\/div><div  class=\"jet-form-row jet-form-row--submit\"><div class=\"jet-form-col jet-form-col-12  field-type-submit  jet-form-field-container\" data-field=\"Submit\" data-conditional=\"false\"><div class=\"jet-form__submit-wrap\">\n\t\t<button class=\"jet-form__submit submit-type-ajax\" type=\"button\">Anfrage senden<\/button>\n<\/div><\/div><\/div><input class=\"jet-form__field hidden-field\" type=\"hidden\" name=\"_jet_engine_nonce\" value=\"517a97506c\" data-field-name=\"_jet_engine_nonce\"><\/form><div class=\"jet-form-messages-wrap\" data-form-id=\"8722\"><\/div>\t\t\t\t<\/div>\n\t\t\t\t<\/div>\n\t\t\t\t\t<\/div>\n\t\t<\/div>\n\t\t\t\t\t<\/div>\n\t\t<\/section>\n\t\t\t\t<\/div>\n\t\t","protected":false},"excerpt":{"rendered":"<p>Demande de produit Identnr.:* Zeichnungen, etc. (optional; max. 50MB) Maximum file size: 8 MB Durchmesser in mm (optional) Bohrung in mm (optional) Aufnahme (optional) &#8211;HSK-63Fzylindrischer Schaft Kommentar (optional) Name* Firma* Land* E-Mail Adresse* Telefon* Ich habe die Datenschutzerkl\u00e4rung zur Kenntnis genommen. Ich stimme zu, dass meine Angaben zur Kontaktaufnahme und f\u00fcr R\u00fcckfragen dauerhaft gespeichert werden. [&hellip;]<\/p>\n","protected":false},"author":1,"featured_media":14797,"parent":0,"menu_order":0,"comment_status":"closed","ping_status":"closed","template":"elementor_header_footer","meta":{"footnotes":"","_wp_rev_ctl_limit":""},"class_list":["post-15179","page","type-page","status-publish","has-post-thumbnail","hentry"],"yoast_head":"<!-- This site is optimized with the Yoast SEO plugin v27.2 - https:\/\/yoast.com\/product\/yoast-seo-wordpress\/ -->\n<title>ARMINIUS Schleifmittel GmbH - Demande de brosse rotative plate<\/title>\n<meta name=\"description\" content=\"Le savoir-faire de notre d\u00e9partement de d\u00e9veloppement est mis \u00e0 profit dans l&#039;\u00e9laboration de nos outils de profil\u00e9s. En savoir plus\" \/>\n<meta name=\"robots\" content=\"noindex, nofollow\" \/>\n<meta property=\"og:locale\" content=\"fr_FR\" \/>\n<meta property=\"og:type\" content=\"article\" \/>\n<meta property=\"og:title\" content=\"ARMINIUS Schleifmittel GmbH - Demande de brosse rotative plate\" \/>\n<meta property=\"og:description\" content=\"Le savoir-faire de notre d\u00e9partement de d\u00e9veloppement est mis \u00e0 profit dans l&#039;\u00e9laboration de nos outils de profil\u00e9s. En savoir plus\" \/>\n<meta property=\"og:url\" content=\"https:\/\/www.arminius.de\/fr\/demande-de-produit-brosse-rotative-plate\/\" \/>\n<meta property=\"og:site_name\" content=\"ARMINIUS Schleifmittel GmbH\" \/>\n<meta property=\"article:publisher\" content=\"https:\/\/www.facebook.com\/arminiusschleifmittel\/\" \/>\n<meta property=\"article:modified_time\" content=\"2024-06-24T08:31:14+00:00\" \/>\n<meta property=\"og:image\" content=\"https:\/\/www.arminius.de\/wp-content\/uploads\/2021\/01\/arminius-schleifmittel-logo-beitragsbild.png\" \/>\n\t<meta property=\"og:image:width\" content=\"600\" \/>\n\t<meta property=\"og:image:height\" content=\"600\" \/>\n\t<meta property=\"og:image:type\" content=\"image\/png\" \/>\n<meta name=\"twitter:card\" content=\"summary_large_image\" \/>\n<meta name=\"twitter:label1\" content=\"Dur\u00e9e de lecture estim\u00e9e\" \/>\n\t<meta name=\"twitter:data1\" content=\"1 minute\" \/>\n<script type=\"application\/ld+json\" class=\"yoast-schema-graph\">{\"@context\":\"https:\/\/schema.org\",\"@graph\":[{\"@type\":\"WebPage\",\"@id\":\"https:\/\/www.arminius.de\/fr\/demande-de-produit-brosse-rotative-plate\/\",\"url\":\"https:\/\/www.arminius.de\/fr\/demande-de-produit-brosse-rotative-plate\/\",\"name\":\"ARMINIUS Schleifmittel GmbH - Demande de brosse rotative plate\",\"isPartOf\":{\"@id\":\"https:\/\/www.arminius.de\/fr\/#website\"},\"primaryImageOfPage\":{\"@id\":\"https:\/\/www.arminius.de\/fr\/demande-de-produit-brosse-rotative-plate\/#primaryimage\"},\"image\":{\"@id\":\"https:\/\/www.arminius.de\/fr\/demande-de-produit-brosse-rotative-plate\/#primaryimage\"},\"thumbnailUrl\":\"https:\/\/www.arminius.de\/wp-content\/uploads\/2021\/01\/arminius-schleifmittel-logo-beitragsbild.png\",\"datePublished\":\"2024-03-13T11:02:14+00:00\",\"dateModified\":\"2024-06-24T08:31:14+00:00\",\"description\":\"Le savoir-faire de notre d\u00e9partement de d\u00e9veloppement est mis \u00e0 profit dans l'\u00e9laboration de nos outils de profil\u00e9s. En savoir plus\",\"breadcrumb\":{\"@id\":\"https:\/\/www.arminius.de\/fr\/demande-de-produit-brosse-rotative-plate\/#breadcrumb\"},\"inLanguage\":\"fr-FR\",\"potentialAction\":[{\"@type\":\"ReadAction\",\"target\":[\"https:\/\/www.arminius.de\/fr\/demande-de-produit-brosse-rotative-plate\/\"]}]},{\"@type\":\"ImageObject\",\"inLanguage\":\"fr-FR\",\"@id\":\"https:\/\/www.arminius.de\/fr\/demande-de-produit-brosse-rotative-plate\/#primaryimage\",\"url\":\"https:\/\/www.arminius.de\/wp-content\/uploads\/2021\/01\/arminius-schleifmittel-logo-beitragsbild.png\",\"contentUrl\":\"https:\/\/www.arminius.de\/wp-content\/uploads\/2021\/01\/arminius-schleifmittel-logo-beitragsbild.png\",\"width\":600,\"height\":600},{\"@type\":\"BreadcrumbList\",\"@id\":\"https:\/\/www.arminius.de\/fr\/demande-de-produit-brosse-rotative-plate\/#breadcrumb\",\"itemListElement\":[{\"@type\":\"ListItem\",\"position\":1,\"name\":\"Accueil\",\"item\":\"https:\/\/www.arminius.de\/fr\/\"},{\"@type\":\"ListItem\",\"position\":2,\"name\":\"Demande de brosse rotative plate\"}]},{\"@type\":\"WebSite\",\"@id\":\"https:\/\/www.arminius.de\/fr\/#website\",\"url\":\"https:\/\/www.arminius.de\/fr\/\",\"name\":\"ARMINIUS Schleifmittel GmbH\",\"description\":\"Outils de pon\u00e7age pour le travail du bois\",\"publisher\":{\"@id\":\"https:\/\/www.arminius.de\/fr\/#organization\"},\"potentialAction\":[{\"@type\":\"SearchAction\",\"target\":{\"@type\":\"EntryPoint\",\"urlTemplate\":\"https:\/\/www.arminius.de\/fr\/?s={search_term_string}\"},\"query-input\":{\"@type\":\"PropertyValueSpecification\",\"valueRequired\":true,\"valueName\":\"search_term_string\"}}],\"inLanguage\":\"fr-FR\"},{\"@type\":\"Organization\",\"@id\":\"https:\/\/www.arminius.de\/fr\/#organization\",\"name\":\"ARMINIUS tooling\",\"url\":\"https:\/\/www.arminius.de\/fr\/\",\"logo\":{\"@type\":\"ImageObject\",\"inLanguage\":\"fr-FR\",\"@id\":\"https:\/\/www.arminius.de\/fr\/#\/schema\/logo\/image\/\",\"url\":\"https:\/\/www.arminius.de\/wp-content\/uploads\/2021\/01\/arminius-schleifmittel-logo.png\",\"contentUrl\":\"https:\/\/www.arminius.de\/wp-content\/uploads\/2021\/01\/arminius-schleifmittel-logo.png\",\"width\":600,\"height\":165,\"caption\":\"ARMINIUS tooling\"},\"image\":{\"@id\":\"https:\/\/www.arminius.de\/fr\/#\/schema\/logo\/image\/\"},\"sameAs\":[\"https:\/\/www.facebook.com\/arminiusschleifmittel\/\",\"https:\/\/www.youtube.com\/channel\/UC2GZYWp8gjedHH4NZonvUPA\"]}]}<\/script>\n<!-- \/ Yoast SEO plugin. -->","yoast_head_json":{"title":"ARMINIUS Schleifmittel GmbH - Demande de brosse rotative plate","description":"Le savoir-faire de notre d\u00e9partement de d\u00e9veloppement est mis \u00e0 profit dans l'\u00e9laboration de nos outils de profil\u00e9s. En savoir plus","robots":{"index":"noindex","follow":"nofollow"},"og_locale":"fr_FR","og_type":"article","og_title":"ARMINIUS Schleifmittel GmbH - Demande de brosse rotative plate","og_description":"Le savoir-faire de notre d\u00e9partement de d\u00e9veloppement est mis \u00e0 profit dans l'\u00e9laboration de nos outils de profil\u00e9s. En savoir plus","og_url":"https:\/\/www.arminius.de\/fr\/demande-de-produit-brosse-rotative-plate\/","og_site_name":"ARMINIUS Schleifmittel GmbH","article_publisher":"https:\/\/www.facebook.com\/arminiusschleifmittel\/","article_modified_time":"2024-06-24T08:31:14+00:00","og_image":[{"width":600,"height":600,"url":"https:\/\/www.arminius.de\/wp-content\/uploads\/2021\/01\/arminius-schleifmittel-logo-beitragsbild.png","type":"image\/png"}],"twitter_card":"summary_large_image","twitter_misc":{"Dur\u00e9e de lecture estim\u00e9e":"1 minute"},"schema":{"@context":"https:\/\/schema.org","@graph":[{"@type":"WebPage","@id":"https:\/\/www.arminius.de\/fr\/demande-de-produit-brosse-rotative-plate\/","url":"https:\/\/www.arminius.de\/fr\/demande-de-produit-brosse-rotative-plate\/","name":"ARMINIUS Schleifmittel GmbH - Demande de brosse rotative plate","isPartOf":{"@id":"https:\/\/www.arminius.de\/fr\/#website"},"primaryImageOfPage":{"@id":"https:\/\/www.arminius.de\/fr\/demande-de-produit-brosse-rotative-plate\/#primaryimage"},"image":{"@id":"https:\/\/www.arminius.de\/fr\/demande-de-produit-brosse-rotative-plate\/#primaryimage"},"thumbnailUrl":"https:\/\/www.arminius.de\/wp-content\/uploads\/2021\/01\/arminius-schleifmittel-logo-beitragsbild.png","datePublished":"2024-03-13T11:02:14+00:00","dateModified":"2024-06-24T08:31:14+00:00","description":"Le savoir-faire de notre d\u00e9partement de d\u00e9veloppement est mis \u00e0 profit dans l'\u00e9laboration de nos outils de profil\u00e9s. En savoir plus","breadcrumb":{"@id":"https:\/\/www.arminius.de\/fr\/demande-de-produit-brosse-rotative-plate\/#breadcrumb"},"inLanguage":"fr-FR","potentialAction":[{"@type":"ReadAction","target":["https:\/\/www.arminius.de\/fr\/demande-de-produit-brosse-rotative-plate\/"]}]},{"@type":"ImageObject","inLanguage":"fr-FR","@id":"https:\/\/www.arminius.de\/fr\/demande-de-produit-brosse-rotative-plate\/#primaryimage","url":"https:\/\/www.arminius.de\/wp-content\/uploads\/2021\/01\/arminius-schleifmittel-logo-beitragsbild.png","contentUrl":"https:\/\/www.arminius.de\/wp-content\/uploads\/2021\/01\/arminius-schleifmittel-logo-beitragsbild.png","width":600,"height":600},{"@type":"BreadcrumbList","@id":"https:\/\/www.arminius.de\/fr\/demande-de-produit-brosse-rotative-plate\/#breadcrumb","itemListElement":[{"@type":"ListItem","position":1,"name":"Accueil","item":"https:\/\/www.arminius.de\/fr\/"},{"@type":"ListItem","position":2,"name":"Demande de brosse rotative plate"}]},{"@type":"WebSite","@id":"https:\/\/www.arminius.de\/fr\/#website","url":"https:\/\/www.arminius.de\/fr\/","name":"ARMINIUS Schleifmittel GmbH","description":"Outils de pon\u00e7age pour le travail du bois","publisher":{"@id":"https:\/\/www.arminius.de\/fr\/#organization"},"potentialAction":[{"@type":"SearchAction","target":{"@type":"EntryPoint","urlTemplate":"https:\/\/www.arminius.de\/fr\/?s={search_term_string}"},"query-input":{"@type":"PropertyValueSpecification","valueRequired":true,"valueName":"search_term_string"}}],"inLanguage":"fr-FR"},{"@type":"Organization","@id":"https:\/\/www.arminius.de\/fr\/#organization","name":"ARMINIUS tooling","url":"https:\/\/www.arminius.de\/fr\/","logo":{"@type":"ImageObject","inLanguage":"fr-FR","@id":"https:\/\/www.arminius.de\/fr\/#\/schema\/logo\/image\/","url":"https:\/\/www.arminius.de\/wp-content\/uploads\/2021\/01\/arminius-schleifmittel-logo.png","contentUrl":"https:\/\/www.arminius.de\/wp-content\/uploads\/2021\/01\/arminius-schleifmittel-logo.png","width":600,"height":165,"caption":"ARMINIUS tooling"},"image":{"@id":"https:\/\/www.arminius.de\/fr\/#\/schema\/logo\/image\/"},"sameAs":["https:\/\/www.facebook.com\/arminiusschleifmittel\/","https:\/\/www.youtube.com\/channel\/UC2GZYWp8gjedHH4NZonvUPA"]}]}},"_links":{"self":[{"href":"https:\/\/www.arminius.de\/fr\/wp-json\/wp\/v2\/pages\/15179","targetHints":{"allow":["GET"]}}],"collection":[{"href":"https:\/\/www.arminius.de\/fr\/wp-json\/wp\/v2\/pages"}],"about":[{"href":"https:\/\/www.arminius.de\/fr\/wp-json\/wp\/v2\/types\/page"}],"author":[{"embeddable":true,"href":"https:\/\/www.arminius.de\/fr\/wp-json\/wp\/v2\/users\/1"}],"replies":[{"embeddable":true,"href":"https:\/\/www.arminius.de\/fr\/wp-json\/wp\/v2\/comments?post=15179"}],"version-history":[{"count":0,"href":"https:\/\/www.arminius.de\/fr\/wp-json\/wp\/v2\/pages\/15179\/revisions"}],"wp:featuredmedia":[{"embeddable":true,"href":"https:\/\/www.arminius.de\/fr\/wp-json\/wp\/v2\/media\/14797"}],"wp:attachment":[{"href":"https:\/\/www.arminius.de\/fr\/wp-json\/wp\/v2\/media?parent=15179"}],"curies":[{"name":"wp","href":"https:\/\/api.w.org\/{rel}","templated":true}]}}