{"id":13553,"date":"2023-06-07T11:16:05","date_gmt":"2023-06-07T09:16:05","guid":{"rendered":"https:\/\/www.arminius.de\/?page_id=13553"},"modified":"2026-04-15T09:13:57","modified_gmt":"2026-04-15T07:13:57","slug":"unsere-ersten-messetermine-2026","status":"publish","type":"page","link":"https:\/\/www.arminius.de\/de\/unsere-ersten-messetermine-2026\/","title":{"rendered":"Unsere Messetermine"},"content":{"rendered":"\t\t<div data-elementor-type=\"wp-page\" data-elementor-id=\"13553\" class=\"elementor elementor-13553\" data-elementor-post-type=\"page\">\n\t\t\t\t\t\t<section class=\"has_eae_slider elementor-section elementor-top-section elementor-element elementor-element-db7bb80 elementor-section-boxed elementor-section-height-default elementor-section-height-default\" data-eae-slider=\"56609\" data-id=\"db7bb80\" data-element_type=\"section\" data-e-type=\"section\" data-settings=\"{&quot;jet_parallax_layout_list&quot;:[]}\">\n\t\t\t\t\t\t<div class=\"elementor-container elementor-column-gap-default\">\n\t\t\t\t\t<div class=\"has_eae_slider elementor-column elementor-col-100 elementor-top-column elementor-element elementor-element-6c6a86c\" data-eae-slider=\"1432\" data-id=\"6c6a86c\" data-element_type=\"column\" data-e-type=\"column\">\n\t\t\t<div class=\"elementor-widget-wrap elementor-element-populated\">\n\t\t\t\t\t\t<div class=\"elementor-element elementor-element-a2e67b3 elementor-widget elementor-widget-heading\" data-id=\"a2e67b3\" data-element_type=\"widget\" data-e-type=\"widget\" data-widget_type=\"heading.default\">\n\t\t\t\t<div class=\"elementor-widget-container\">\n\t\t\t\t\t<h1 class=\"elementor-heading-title elementor-size-default\"><div data-elementor-type=\"wp-post\" data-elementor-id=\"10678\"><div><div><section data-id=\"662950a\" data-element_type=\"section\" data-settings=\"{&quot;jet_parallax_layout_list&quot;:[{&quot;jet_parallax_layout_image&quot;:{&quot;url&quot;:&quot;&quot;,&quot;id&quot;:&quot;&quot;,&quot;size&quot;:&quot;&quot;},&quot;_id&quot;:&quot;c89f226&quot;,&quot;jet_parallax_layout_image_tablet&quot;:{&quot;url&quot;:&quot;&quot;,&quot;id&quot;:&quot;&quot;,&quot;size&quot;:&quot;&quot;},&quot;jet_parallax_layout_image_mobile&quot;:{&quot;url&quot;:&quot;&quot;,&quot;id&quot;:&quot;&quot;,&quot;size&quot;:&quot;&quot;},&quot;jet_parallax_layout_speed&quot;:{&quot;unit&quot;:&quot;%&quot;,&quot;size&quot;:50,&quot;sizes&quot;:[]},&quot;jet_parallax_layout_type&quot;:&quot;scroll&quot;,&quot;jet_parallax_layout_direction&quot;:null,&quot;jet_parallax_layout_fx_direction&quot;:null,&quot;jet_parallax_layout_z_index&quot;:&quot;&quot;,&quot;jet_parallax_layout_bg_x&quot;:50,&quot;jet_parallax_layout_bg_x_tablet&quot;:&quot;&quot;,&quot;jet_parallax_layout_bg_x_mobile&quot;:&quot;&quot;,&quot;jet_parallax_layout_bg_y&quot;:50,&quot;jet_parallax_layout_bg_y_tablet&quot;:&quot;&quot;,&quot;jet_parallax_layout_bg_y_mobile&quot;:&quot;&quot;,&quot;jet_parallax_layout_bg_size&quot;:&quot;auto&quot;,&quot;jet_parallax_layout_bg_size_tablet&quot;:&quot;&quot;,&quot;jet_parallax_layout_bg_size_mobile&quot;:&quot;&quot;,&quot;jet_parallax_layout_animation_prop&quot;:&quot;transform&quot;,&quot;jet_parallax_layout_on&quot;:[&quot;desktop&quot;,&quot;tablet&quot;]}]}\"><div><div><div data-id=\"9c40fdc\" data-element_type=\"column\"><div><div><div data-id=\"d5b44ba\" data-element_type=\"widget\" data-widget_type=\"heading.default\"><div><h1><\/h1><h1>Unsere ERSTEN Messetermine 2026<\/h1><\/div><\/div><\/div><\/div><\/div><\/div><\/div><\/section><\/div><\/div><\/div><\/h1>\t\t\t\t<\/div>\n\t\t\t\t<\/div>\n\t\t\t\t<div class=\"elementor-element elementor-element-ea49a65 elementor-widget elementor-widget-text-editor\" data-id=\"ea49a65\" data-element_type=\"widget\" data-e-type=\"widget\" data-widget_type=\"text-editor.default\">\n\t\t\t\t<div class=\"elementor-widget-container\">\n\t\t\t\t\t\t\t\t\t<h3 class=\"elementor-heading-title elementor-size-default\">Wir sind weltweit auf vielen Messen f\u00fcr Sie pr\u00e4sent. Wir freuen uns auf Ihren Besuch.<\/h3><p>\u00a0<\/p>\t\t\t\t\t\t\t\t<\/div>\n\t\t\t\t<\/div>\n\t\t\t\t\t<\/div>\n\t\t<\/div>\n\t\t\t\t\t<\/div>\n\t\t<\/section>\n\t\t\t\t<section class=\"has_eae_slider elementor-section elementor-top-section elementor-element elementor-element-34e2353 elementor-section-boxed elementor-section-height-default elementor-section-height-default\" data-eae-slider=\"72719\" data-id=\"34e2353\" data-element_type=\"section\" data-e-type=\"section\" data-settings=\"{&quot;jet_parallax_layout_list&quot;:[]}\">\n\t\t\t\t\t\t<div class=\"elementor-container elementor-column-gap-default\">\n\t\t\t\t\t<div class=\"has_eae_slider elementor-column elementor-col-50 elementor-top-column elementor-element elementor-element-8ff3c13\" data-eae-slider=\"75195\" data-id=\"8ff3c13\" data-element_type=\"column\" data-e-type=\"column\">\n\t\t\t<div class=\"elementor-widget-wrap elementor-element-populated\">\n\t\t\t\t\t\t<div class=\"elementor-element elementor-element-fdd8725 elementor-widget elementor-widget-image\" data-id=\"fdd8725\" data-element_type=\"widget\" data-e-type=\"widget\" data-widget_type=\"image.default\">\n\t\t\t\t<div class=\"elementor-widget-container\">\n\t\t\t\t\t\t\t\t\t\t\t\t\t\t\t<img decoding=\"async\" width=\"300\" height=\"76\" src=\"https:\/\/www.arminius.de\/wp-content\/uploads\/2024\/06\/ForMobile-2024-Logo-300x76.png\" class=\"attachment-medium size-medium wp-image-17402\" alt=\"ForM\u00f3bile in Brasilien\" srcset=\"https:\/\/www.arminius.de\/wp-content\/uploads\/2024\/06\/ForMobile-2024-Logo-300x76.png 300w, https:\/\/www.arminius.de\/wp-content\/uploads\/2024\/06\/ForMobile-2024-Logo.png 577w\" sizes=\"(max-width: 300px) 100vw, 300px\" \/>\t\t\t\t\t\t\t\t\t\t\t\t\t\t\t<\/div>\n\t\t\t\t<\/div>\n\t\t\t\t\t<\/div>\n\t\t<\/div>\n\t\t\t\t<div class=\"has_eae_slider elementor-column elementor-col-50 elementor-top-column elementor-element elementor-element-cd0934a\" data-eae-slider=\"11371\" data-id=\"cd0934a\" data-element_type=\"column\" data-e-type=\"column\">\n\t\t\t<div class=\"elementor-widget-wrap elementor-element-populated\">\n\t\t\t\t\t\t<div class=\"elementor-element elementor-element-009cf89 elementor-widget elementor-widget-text-editor\" data-id=\"009cf89\" data-element_type=\"widget\" data-e-type=\"widget\" data-widget_type=\"text-editor.default\">\n\t\t\t\t<div class=\"elementor-widget-container\">\n\t\t\t\t\t\t\t\t\t<div class=\"has_eae_slider elementor-column elementor-col-50 elementor-top-column elementor-element elementor-element-8c6bedf\" data-id=\"8c6bedf\" data-element_type=\"column\"><div class=\"elementor-column-wrap elementor-element-populated\"><div class=\"elementor-widget-wrap\"><div class=\"elementor-element elementor-element-362f54b elementor-widget elementor-widget-text-editor\" data-id=\"362f54b\" data-element_type=\"widget\" data-widget_type=\"text-editor.default\"><div class=\"elementor-widget-container\"><div class=\"elementor-text-editor elementor-clearfix\"><p><strong>FORM\u00d3BILE Sao Paulo, Brasilien<\/strong><br \/>30. Juni bis 3. Juli 2026<\/p><p>Pavillon HOLZ, Stand F077<\/p><\/div><\/div><\/div><\/div><\/div><\/div>\t\t\t\t\t\t\t\t<\/div>\n\t\t\t\t<\/div>\n\t\t\t\t\t<\/div>\n\t\t<\/div>\n\t\t\t\t\t<\/div>\n\t\t<\/section>\n\t\t\t\t<section class=\"has_eae_slider elementor-section elementor-top-section elementor-element elementor-element-e84dde3 elementor-section-boxed elementor-section-height-default elementor-section-height-default\" data-eae-slider=\"61999\" data-id=\"e84dde3\" data-element_type=\"section\" data-e-type=\"section\" data-settings=\"{&quot;jet_parallax_layout_list&quot;:[]}\">\n\t\t\t\t\t\t<div class=\"elementor-container elementor-column-gap-default\">\n\t\t\t\t\t<div class=\"has_eae_slider elementor-column elementor-col-50 elementor-top-column elementor-element elementor-element-7582dbd\" data-eae-slider=\"96754\" data-id=\"7582dbd\" data-element_type=\"column\" data-e-type=\"column\">\n\t\t\t<div class=\"elementor-widget-wrap elementor-element-populated\">\n\t\t\t\t\t\t<div class=\"elementor-element elementor-element-69fdd73 elementor-widget elementor-widget-image\" data-id=\"69fdd73\" data-element_type=\"widget\" data-e-type=\"widget\" data-widget_type=\"image.default\">\n\t\t\t\t<div class=\"elementor-widget-container\">\n\t\t\t\t\t\t\t\t\t\t\t\t\t\t\t<img decoding=\"async\" width=\"295\" height=\"93\" src=\"https:\/\/www.arminius.de\/wp-content\/uploads\/2024\/08\/Logo-IWF-Atlanta.png\" class=\"attachment-medium size-medium wp-image-17704\" alt=\"IWF Atlanta Messe Internationale Holzbearbeitungsmesse in den USA\" \/>\t\t\t\t\t\t\t\t\t\t\t\t\t\t\t<\/div>\n\t\t\t\t<\/div>\n\t\t\t\t\t<\/div>\n\t\t<\/div>\n\t\t\t\t<div class=\"has_eae_slider elementor-column elementor-col-50 elementor-top-column elementor-element elementor-element-c6bc53a\" data-eae-slider=\"70688\" data-id=\"c6bc53a\" data-element_type=\"column\" data-e-type=\"column\">\n\t\t\t<div class=\"elementor-widget-wrap elementor-element-populated\">\n\t\t\t\t\t\t<div class=\"elementor-element elementor-element-3fbe33c elementor-widget elementor-widget-text-editor\" data-id=\"3fbe33c\" data-element_type=\"widget\" data-e-type=\"widget\" data-widget_type=\"text-editor.default\">\n\t\t\t\t<div class=\"elementor-widget-container\">\n\t\t\t\t\t\t\t\t\t<p><strong>IWF Atlanta<br \/><\/strong>25. bis 28. August 2026<\/p><p>Halle B, Ebene 1 \/ Stand B473<\/p><p>\u00a0<\/p>\t\t\t\t\t\t\t\t<\/div>\n\t\t\t\t<\/div>\n\t\t\t\t\t<\/div>\n\t\t<\/div>\n\t\t\t\t\t<\/div>\n\t\t<\/section>\n\t\t<div class=\"has_eae_slider elementor-element elementor-element-6b9acf7 e-flex e-con-boxed e-con e-parent\" data-eae-slider=\"76312\" data-id=\"6b9acf7\" data-element_type=\"container\" data-e-type=\"container\" data-settings=\"{&quot;jet_parallax_layout_list&quot;:[]}\">\n\t\t\t\t\t<div class=\"e-con-inner\">\n\t\t\t\t<div class=\"elementor-element elementor-element-9fd70f1 elementor-widget elementor-widget-heading\" data-id=\"9fd70f1\" data-element_type=\"widget\" data-e-type=\"widget\" data-widget_type=\"heading.default\">\n\t\t\t\t<div class=\"elementor-widget-container\">\n\t\t\t\t\t<h3 class=\"elementor-heading-title elementor-size-default\">Auf diesen Fachmessen waren wir 2026 bereits.\n<\/h3>\t\t\t\t<\/div>\n\t\t\t\t<\/div>\n\t\t\t\t\t<\/div>\n\t\t\t\t<\/div>\n\t\t\t\t<section class=\"has_eae_slider elementor-section elementor-top-section elementor-element elementor-element-0ecba57 elementor-section-boxed elementor-section-height-default elementor-section-height-default\" data-eae-slider=\"35768\" data-id=\"0ecba57\" data-element_type=\"section\" data-e-type=\"section\" data-settings=\"{&quot;jet_parallax_layout_list&quot;:[]}\">\n\t\t\t\t\t\t<div class=\"elementor-container elementor-column-gap-default\">\n\t\t\t\t\t<div class=\"has_eae_slider elementor-column elementor-col-50 elementor-top-column elementor-element elementor-element-9a2a197\" data-eae-slider=\"51389\" data-id=\"9a2a197\" data-element_type=\"column\" data-e-type=\"column\">\n\t\t\t<div class=\"elementor-widget-wrap elementor-element-populated\">\n\t\t\t\t\t\t<div class=\"elementor-element elementor-element-7add0d5 elementor-widget elementor-widget-image\" data-id=\"7add0d5\" data-element_type=\"widget\" data-e-type=\"widget\" data-widget_type=\"image.default\">\n\t\t\t\t<div class=\"elementor-widget-container\">\n\t\t\t\t\t\t\t\t\t\t\t\t\t\t\t<img decoding=\"async\" width=\"251\" height=\"107\" src=\"https:\/\/www.arminius.de\/wp-content\/uploads\/2025\/12\/Eurobois.jpg\" class=\"attachment-medium size-medium wp-image-19719\" alt=\"\" \/>\t\t\t\t\t\t\t\t\t\t\t\t\t\t\t<\/div>\n\t\t\t\t<\/div>\n\t\t\t\t<div class=\"elementor-element elementor-element-58a76ff elementor-widget elementor-widget-image\" data-id=\"58a76ff\" data-element_type=\"widget\" data-e-type=\"widget\" data-widget_type=\"image.default\">\n\t\t\t\t<div class=\"elementor-widget-container\">\n\t\t\t\t\t\t\t\t\t\t\t\t\t\t\t<img loading=\"lazy\" decoding=\"async\" width=\"293\" height=\"49\" src=\"https:\/\/www.arminius.de\/wp-content\/uploads\/2023\/06\/LogoHolzHandwerk.png\" class=\"attachment-medium size-medium wp-image-13610\" alt=\"HOLZ Handwerk Messe in N\u00fcrnberg 2026\" \/>\t\t\t\t\t\t\t\t\t\t\t\t\t\t\t<\/div>\n\t\t\t\t<\/div>\n\t\t\t\t\t<\/div>\n\t\t<\/div>\n\t\t\t\t<div class=\"has_eae_slider elementor-column elementor-col-50 elementor-top-column elementor-element elementor-element-f17c518\" data-eae-slider=\"13742\" data-id=\"f17c518\" data-element_type=\"column\" data-e-type=\"column\">\n\t\t\t<div class=\"elementor-widget-wrap elementor-element-populated\">\n\t\t\t\t\t\t<div class=\"elementor-element elementor-element-09d6f6d elementor-widget elementor-widget-text-editor\" data-id=\"09d6f6d\" data-element_type=\"widget\" data-e-type=\"widget\" data-widget_type=\"text-editor.default\">\n\t\t\t\t<div class=\"elementor-widget-container\">\n\t\t\t\t\t\t\t\t\t<p><strong>Eurobois Lyon<\/strong><br \/>03. bis 06. Februar 2026<\/p><p>Halle 6.3 \/ Stand 6k141<\/p><p>\u00a0<\/p>\t\t\t\t\t\t\t\t<\/div>\n\t\t\t\t<\/div>\n\t\t\t\t<div class=\"elementor-element elementor-element-838a045 elementor-widget elementor-widget-text-editor\" data-id=\"838a045\" data-element_type=\"widget\" data-e-type=\"widget\" data-widget_type=\"text-editor.default\">\n\t\t\t\t<div class=\"elementor-widget-container\">\n\t\t\t\t\t\t\t\t\t<p><strong>HOLZ-HANDWERK N\u00fcrnberg<\/strong><br \/>24. bis 27. M\u00e4rz 2026<\/p><p>Halle 9 \/ Stand 9-428<\/p>\t\t\t\t\t\t\t\t<\/div>\n\t\t\t\t<\/div>\n\t\t\t\t\t<\/div>\n\t\t<\/div>\n\t\t\t\t\t<\/div>\n\t\t<\/section>\n\t\t\t\t<\/div>\n\t\t","protected":false},"excerpt":{"rendered":"<p>Unsere ERSTEN Messetermine 2026 Wir sind weltweit auf vielen Messen f\u00fcr Sie pr\u00e4sent. Wir freuen uns auf Ihren Besuch. \u00a0 FORM\u00d3BILE Sao Paulo, Brasilien30. Juni bis 3. Juli 2026 Pavillon HOLZ, Stand F077 IWF Atlanta25. bis 28. August 2026 Halle B, Ebene 1 \/ Stand B473 \u00a0 Auf diesen Fachmessen waren wir 2026 bereits. Eurobois [&hellip;]<\/p>\n","protected":false},"author":2,"featured_media":18879,"parent":0,"menu_order":0,"comment_status":"closed","ping_status":"closed","template":"","meta":{"footnotes":"","_wp_rev_ctl_limit":""},"class_list":["post-13553","page","type-page","status-publish","has-post-thumbnail","hentry"],"yoast_head":"<!-- This site is optimized with the Yoast SEO plugin v27.2 - https:\/\/yoast.com\/product\/yoast-seo-wordpress\/ -->\n<title>ARMINIUS Schleifmittel GmbH Unsere Messetermine<\/title>\n<meta name=\"description\" content=\"Hier finden Sie unsere Messetermine auf einem Blick. Auf den Messest\u00e4nden pr\u00e4sentieren wir unsere CNC B\u00fcrsten und Schleifwerkzeug.\" \/>\n<meta name=\"robots\" content=\"index, follow, max-snippet:-1, max-image-preview:large, max-video-preview:-1\" \/>\n<link rel=\"canonical\" href=\"https:\/\/www.arminius.de\/de\/unsere-ersten-messetermine-2026\/\" \/>\n<meta property=\"og:locale\" content=\"de_DE\" \/>\n<meta property=\"og:type\" content=\"article\" \/>\n<meta property=\"og:title\" content=\"ARMINIUS Schleifmittel GmbH Unsere Messetermine\" \/>\n<meta property=\"og:description\" content=\"Hier finden Sie unsere Messetermine auf einem Blick. Auf den Messest\u00e4nden pr\u00e4sentieren wir unsere CNC B\u00fcrsten und Schleifwerkzeug.\" \/>\n<meta property=\"og:url\" content=\"https:\/\/www.arminius.de\/de\/unsere-ersten-messetermine-2026\/\" \/>\n<meta property=\"og:site_name\" content=\"ARMINIUS Schleifmittel GmbH\" \/>\n<meta property=\"article:publisher\" content=\"https:\/\/www.facebook.com\/arminiusschleifmittel\/\" \/>\n<meta property=\"article:modified_time\" content=\"2026-04-15T07:13:57+00:00\" \/>\n<meta property=\"og:image\" content=\"https:\/\/www.arminius.de\/wp-content\/uploads\/2025\/06\/IMG_4506-scaled.jpeg\" \/>\n\t<meta property=\"og:image:width\" content=\"2560\" \/>\n\t<meta property=\"og:image:height\" content=\"1920\" \/>\n\t<meta property=\"og:image:type\" content=\"image\/jpeg\" \/>\n<meta name=\"twitter:card\" content=\"summary_large_image\" \/>\n<meta name=\"twitter:label1\" content=\"Gesch\u00e4tzte Lesezeit\" \/>\n\t<meta name=\"twitter:data1\" content=\"2\u00a0Minuten\" \/>\n<script type=\"application\/ld+json\" class=\"yoast-schema-graph\">{\"@context\":\"https:\/\/schema.org\",\"@graph\":[{\"@type\":\"WebPage\",\"@id\":\"https:\/\/www.arminius.de\/de\/unsere-ersten-messetermine-2026\/\",\"url\":\"https:\/\/www.arminius.de\/de\/unsere-ersten-messetermine-2026\/\",\"name\":\"ARMINIUS Schleifmittel GmbH Unsere Messetermine\",\"isPartOf\":{\"@id\":\"https:\/\/www.arminius.de\/de\/#website\"},\"primaryImageOfPage\":{\"@id\":\"https:\/\/www.arminius.de\/de\/unsere-ersten-messetermine-2026\/#primaryimage\"},\"image\":{\"@id\":\"https:\/\/www.arminius.de\/de\/unsere-ersten-messetermine-2026\/#primaryimage\"},\"thumbnailUrl\":\"https:\/\/www.arminius.de\/wp-content\/uploads\/2025\/06\/IMG_4506-scaled.jpeg\",\"datePublished\":\"2023-06-07T09:16:05+00:00\",\"dateModified\":\"2026-04-15T07:13:57+00:00\",\"description\":\"Hier finden Sie unsere Messetermine auf einem Blick. Auf den Messest\u00e4nden pr\u00e4sentieren wir unsere CNC B\u00fcrsten und Schleifwerkzeug.\",\"breadcrumb\":{\"@id\":\"https:\/\/www.arminius.de\/de\/unsere-ersten-messetermine-2026\/#breadcrumb\"},\"inLanguage\":\"de\",\"potentialAction\":[{\"@type\":\"ReadAction\",\"target\":[\"https:\/\/www.arminius.de\/de\/unsere-ersten-messetermine-2026\/\"]}]},{\"@type\":\"ImageObject\",\"inLanguage\":\"de\",\"@id\":\"https:\/\/www.arminius.de\/de\/unsere-ersten-messetermine-2026\/#primaryimage\",\"url\":\"https:\/\/www.arminius.de\/wp-content\/uploads\/2025\/06\/IMG_4506-scaled.jpeg\",\"contentUrl\":\"https:\/\/www.arminius.de\/wp-content\/uploads\/2025\/06\/IMG_4506-scaled.jpeg\",\"width\":2560,\"height\":1920},{\"@type\":\"BreadcrumbList\",\"@id\":\"https:\/\/www.arminius.de\/de\/unsere-ersten-messetermine-2026\/#breadcrumb\",\"itemListElement\":[{\"@type\":\"ListItem\",\"position\":1,\"name\":\"Home\",\"item\":\"https:\/\/www.arminius.de\/de\/\"},{\"@type\":\"ListItem\",\"position\":2,\"name\":\"Unsere Messetermine\"}]},{\"@type\":\"WebSite\",\"@id\":\"https:\/\/www.arminius.de\/de\/#website\",\"url\":\"https:\/\/www.arminius.de\/de\/\",\"name\":\"ARMINIUS Schleifmittel GmbH\",\"description\":\"Schleifwerkzeuge f\u00fcr die Holzbearbeitung\",\"publisher\":{\"@id\":\"https:\/\/www.arminius.de\/de\/#organization\"},\"potentialAction\":[{\"@type\":\"SearchAction\",\"target\":{\"@type\":\"EntryPoint\",\"urlTemplate\":\"https:\/\/www.arminius.de\/de\/?s={search_term_string}\"},\"query-input\":{\"@type\":\"PropertyValueSpecification\",\"valueRequired\":true,\"valueName\":\"search_term_string\"}}],\"inLanguage\":\"de\"},{\"@type\":\"Organization\",\"@id\":\"https:\/\/www.arminius.de\/de\/#organization\",\"name\":\"ARMINIUS tooling\",\"url\":\"https:\/\/www.arminius.de\/de\/\",\"logo\":{\"@type\":\"ImageObject\",\"inLanguage\":\"de\",\"@id\":\"https:\/\/www.arminius.de\/de\/#\/schema\/logo\/image\/\",\"url\":\"https:\/\/www.arminius.de\/wp-content\/uploads\/2021\/01\/arminius-schleifmittel-logo.png\",\"contentUrl\":\"https:\/\/www.arminius.de\/wp-content\/uploads\/2021\/01\/arminius-schleifmittel-logo.png\",\"width\":600,\"height\":165,\"caption\":\"ARMINIUS tooling\"},\"image\":{\"@id\":\"https:\/\/www.arminius.de\/de\/#\/schema\/logo\/image\/\"},\"sameAs\":[\"https:\/\/www.facebook.com\/arminiusschleifmittel\/\",\"https:\/\/www.youtube.com\/channel\/UC2GZYWp8gjedHH4NZonvUPA\"]}]}<\/script>\n<!-- \/ Yoast SEO plugin. -->","yoast_head_json":{"title":"ARMINIUS Schleifmittel GmbH Unsere Messetermine","description":"Hier finden Sie unsere Messetermine auf einem Blick. Auf den Messest\u00e4nden pr\u00e4sentieren wir unsere CNC B\u00fcrsten und Schleifwerkzeug.","robots":{"index":"index","follow":"follow","max-snippet":"max-snippet:-1","max-image-preview":"max-image-preview:large","max-video-preview":"max-video-preview:-1"},"canonical":"https:\/\/www.arminius.de\/de\/unsere-ersten-messetermine-2026\/","og_locale":"de_DE","og_type":"article","og_title":"ARMINIUS Schleifmittel GmbH Unsere Messetermine","og_description":"Hier finden Sie unsere Messetermine auf einem Blick. Auf den Messest\u00e4nden pr\u00e4sentieren wir unsere CNC B\u00fcrsten und Schleifwerkzeug.","og_url":"https:\/\/www.arminius.de\/de\/unsere-ersten-messetermine-2026\/","og_site_name":"ARMINIUS Schleifmittel GmbH","article_publisher":"https:\/\/www.facebook.com\/arminiusschleifmittel\/","article_modified_time":"2026-04-15T07:13:57+00:00","og_image":[{"width":2560,"height":1920,"url":"https:\/\/www.arminius.de\/wp-content\/uploads\/2025\/06\/IMG_4506-scaled.jpeg","type":"image\/jpeg"}],"twitter_card":"summary_large_image","twitter_misc":{"Gesch\u00e4tzte Lesezeit":"2\u00a0Minuten"},"schema":{"@context":"https:\/\/schema.org","@graph":[{"@type":"WebPage","@id":"https:\/\/www.arminius.de\/de\/unsere-ersten-messetermine-2026\/","url":"https:\/\/www.arminius.de\/de\/unsere-ersten-messetermine-2026\/","name":"ARMINIUS Schleifmittel GmbH Unsere Messetermine","isPartOf":{"@id":"https:\/\/www.arminius.de\/de\/#website"},"primaryImageOfPage":{"@id":"https:\/\/www.arminius.de\/de\/unsere-ersten-messetermine-2026\/#primaryimage"},"image":{"@id":"https:\/\/www.arminius.de\/de\/unsere-ersten-messetermine-2026\/#primaryimage"},"thumbnailUrl":"https:\/\/www.arminius.de\/wp-content\/uploads\/2025\/06\/IMG_4506-scaled.jpeg","datePublished":"2023-06-07T09:16:05+00:00","dateModified":"2026-04-15T07:13:57+00:00","description":"Hier finden Sie unsere Messetermine auf einem Blick. Auf den Messest\u00e4nden pr\u00e4sentieren wir unsere CNC B\u00fcrsten und Schleifwerkzeug.","breadcrumb":{"@id":"https:\/\/www.arminius.de\/de\/unsere-ersten-messetermine-2026\/#breadcrumb"},"inLanguage":"de","potentialAction":[{"@type":"ReadAction","target":["https:\/\/www.arminius.de\/de\/unsere-ersten-messetermine-2026\/"]}]},{"@type":"ImageObject","inLanguage":"de","@id":"https:\/\/www.arminius.de\/de\/unsere-ersten-messetermine-2026\/#primaryimage","url":"https:\/\/www.arminius.de\/wp-content\/uploads\/2025\/06\/IMG_4506-scaled.jpeg","contentUrl":"https:\/\/www.arminius.de\/wp-content\/uploads\/2025\/06\/IMG_4506-scaled.jpeg","width":2560,"height":1920},{"@type":"BreadcrumbList","@id":"https:\/\/www.arminius.de\/de\/unsere-ersten-messetermine-2026\/#breadcrumb","itemListElement":[{"@type":"ListItem","position":1,"name":"Home","item":"https:\/\/www.arminius.de\/de\/"},{"@type":"ListItem","position":2,"name":"Unsere Messetermine"}]},{"@type":"WebSite","@id":"https:\/\/www.arminius.de\/de\/#website","url":"https:\/\/www.arminius.de\/de\/","name":"ARMINIUS Schleifmittel GmbH","description":"Schleifwerkzeuge f\u00fcr die Holzbearbeitung","publisher":{"@id":"https:\/\/www.arminius.de\/de\/#organization"},"potentialAction":[{"@type":"SearchAction","target":{"@type":"EntryPoint","urlTemplate":"https:\/\/www.arminius.de\/de\/?s={search_term_string}"},"query-input":{"@type":"PropertyValueSpecification","valueRequired":true,"valueName":"search_term_string"}}],"inLanguage":"de"},{"@type":"Organization","@id":"https:\/\/www.arminius.de\/de\/#organization","name":"ARMINIUS tooling","url":"https:\/\/www.arminius.de\/de\/","logo":{"@type":"ImageObject","inLanguage":"de","@id":"https:\/\/www.arminius.de\/de\/#\/schema\/logo\/image\/","url":"https:\/\/www.arminius.de\/wp-content\/uploads\/2021\/01\/arminius-schleifmittel-logo.png","contentUrl":"https:\/\/www.arminius.de\/wp-content\/uploads\/2021\/01\/arminius-schleifmittel-logo.png","width":600,"height":165,"caption":"ARMINIUS tooling"},"image":{"@id":"https:\/\/www.arminius.de\/de\/#\/schema\/logo\/image\/"},"sameAs":["https:\/\/www.facebook.com\/arminiusschleifmittel\/","https:\/\/www.youtube.com\/channel\/UC2GZYWp8gjedHH4NZonvUPA"]}]}},"_links":{"self":[{"href":"https:\/\/www.arminius.de\/de\/wp-json\/wp\/v2\/pages\/13553","targetHints":{"allow":["GET"]}}],"collection":[{"href":"https:\/\/www.arminius.de\/de\/wp-json\/wp\/v2\/pages"}],"about":[{"href":"https:\/\/www.arminius.de\/de\/wp-json\/wp\/v2\/types\/page"}],"author":[{"embeddable":true,"href":"https:\/\/www.arminius.de\/de\/wp-json\/wp\/v2\/users\/2"}],"replies":[{"embeddable":true,"href":"https:\/\/www.arminius.de\/de\/wp-json\/wp\/v2\/comments?post=13553"}],"version-history":[{"count":9,"href":"https:\/\/www.arminius.de\/de\/wp-json\/wp\/v2\/pages\/13553\/revisions"}],"predecessor-version":[{"id":20548,"href":"https:\/\/www.arminius.de\/de\/wp-json\/wp\/v2\/pages\/13553\/revisions\/20548"}],"wp:featuredmedia":[{"embeddable":true,"href":"https:\/\/www.arminius.de\/de\/wp-json\/wp\/v2\/media\/18879"}],"wp:attachment":[{"href":"https:\/\/www.arminius.de\/de\/wp-json\/wp\/v2\/media?parent=13553"}],"curies":[{"name":"wp","href":"https:\/\/api.w.org\/{rel}","templated":true}]}}